{"id":4389,"date":"2025-07-18T14:29:06","date_gmt":"2025-07-18T12:29:06","guid":{"rendered":"http:\/\/bellameble.pl\/?page_id=4389"},"modified":"2025-07-18T14:29:08","modified_gmt":"2025-07-18T12:29:08","slug":"regulamin-sklepu","status":"publish","type":"page","link":"http:\/\/bellameble.pl\/?page_id=4389","title":{"rendered":"Regulamin Sklepu"},"content":{"rendered":"\n<h2 class=\"wp-block-heading\">\u00a71. Informacje og\u00f3lne<\/h2>\n\n\n\n<ol class=\"wp-block-list\">\n<li>Sklep internetowy Bella Meble, dost\u0119pny pod adresem\u00a0<a class=\"\" href=\"https:\/\/www.bellameble.pl\/\">https:\/\/www.bellameble.pl<\/a>, prowadzony jest przez:<br><strong>Bella Meble Izabela Kalina<\/strong><br>ul. Grabowska 17, 63-500 Ostrzesz\u00f3w<br>NIP: 51400091<br>e-mail:\u00a0<strong><a>biuro@bellameble.pl<\/a><\/strong><\/li>\n\n\n\n<li>Regulamin okre\u015bla zasady sk\u0142adania zam\u00f3wie\u0144, realizacji sprzeda\u017cy, p\u0142atno\u015bci, dostawy i reklamacji w sklepie internetowym.<\/li>\n<\/ol>\n\n\n\n<h2 class=\"wp-block-heading\">\u00a72. Sk\u0142adanie zam\u00f3wie\u0144<\/h2>\n\n\n\n<ol class=\"wp-block-list\">\n<li>Zam\u00f3wienia mo\u017cna sk\u0142ada\u0107 za po\u015brednictwem strony internetowej 7 dni w tygodniu, 24 godziny na dob\u0119.<\/li>\n\n\n\n<li>Z\u0142o\u017cenie zam\u00f3wienia jest r\u00f3wnoznaczne z zawarciem umowy sprzeda\u017cy pomi\u0119dzy klientem a Sprzedawc\u0105.<\/li>\n<\/ol>\n\n\n\n<h2 class=\"wp-block-heading\">\u00a73. Ceny i p\u0142atno\u015bci<\/h2>\n\n\n\n<ol class=\"wp-block-list\">\n<li>Wszystkie ceny produkt\u00f3w podane s\u0105 w z\u0142otych polskich (PLN) i zawieraj\u0105 podatek VAT.<\/li>\n\n\n\n<li>Klient mo\u017ce dokona\u0107 p\u0142atno\u015bci za pomoc\u0105 przelewu bankowego, systemu p\u0142atno\u015bci online lub za pobraniem (je\u015bli taka opcja jest dost\u0119pna).<\/li>\n<\/ol>\n\n\n\n<h2 class=\"wp-block-heading\">\u00a74. Czas realizacji zam\u00f3wienia<\/h2>\n\n\n\n<ol class=\"wp-block-list\">\n<li>Czas realizacji zam\u00f3wienia wynosi od 2 do 21 dni roboczych od momentu zaksi\u0119gowania p\u0142atno\u015bci, chyba \u017ce w opisie danego produktu wskazano inny termin.<\/li>\n\n\n\n<li>W przypadku mebli wykonywanych na indywidualne zam\u00f3wienie czas realizacji mo\u017ce wynosi\u0107 do 6\u20138 tygodni. Dok\u0142adny termin realizacji jest ka\u017cdorazowo ustalany indywidualnie z klientem.<\/li>\n\n\n\n<li>W przypadku wyst\u0105pienia op\u00f3\u017anie\u0144 klient zostanie o tym niezw\u0142ocznie poinformowany.<\/li>\n<\/ol>\n\n\n\n<h2 class=\"wp-block-heading\">\u00a75. Dostawa<\/h2>\n\n\n\n<ol class=\"wp-block-list\">\n<li>Zam\u00f3wione produkty dostarczane s\u0105 za po\u015brednictwem firmy kurierskiej lub transportem w\u0142asnym (je\u015bli taka opcja jest dost\u0119pna).<\/li>\n\n\n\n<li>Koszty dostawy s\u0105 podawane podczas sk\u0142adania zam\u00f3wienia.<\/li>\n\n\n\n<li>Klient zobowi\u0105zany jest sprawdzi\u0107 stan przesy\u0142ki w momencie odbioru. W razie uszkodze\u0144 zalecane jest sporz\u0105dzenie protoko\u0142u szkody w obecno\u015bci kuriera.<\/li>\n<\/ol>\n\n\n\n<h2 class=\"wp-block-heading\">\u00a76. Reklamacje<\/h2>\n\n\n\n<ol class=\"wp-block-list\">\n<li>W przypadku stwierdzenia wady towaru, klient ma prawo do z\u0142o\u017cenia reklamacji zgodnie z obowi\u0105zuj\u0105cymi przepisami prawa.<\/li>\n\n\n\n<li>Reklamacje nale\u017cy sk\u0142ada\u0107 drog\u0105 mailow\u0105 na adres:\u00a0<strong><a>biuro@bellameble.pl<\/a><\/strong>.<\/li>\n\n\n\n<li>Reklamacje s\u0105 rozpatrywane w terminie 14 dni kalendarzowych od dnia ich otrzymania.<\/li>\n<\/ol>\n\n\n\n<h2 class=\"wp-block-heading\">\u00a77. Odst\u0105pienie od umowy<\/h2>\n\n\n\n<ol class=\"wp-block-list\">\n<li>Klient b\u0119d\u0105cy konsumentem ma prawo do odst\u0105pienia od umowy zawartej na odleg\u0142o\u015b\u0107 w terminie 14 dni od otrzymania towaru \u2013 zgodnie z ustaw\u0105 z dnia 30 maja 2014 r. o prawach konsumenta.<\/li>\n\n\n\n<li>Prawo odst\u0105pienia nie przys\u0142uguje w przypadku towar\u00f3w wykonanych na indywidualne zam\u00f3wienie klienta.<\/li>\n\n\n\n<li>Szczeg\u00f3\u0142owe zasady dotycz\u0105ce odst\u0105pienia od umowy dost\u0119pne s\u0105 w zak\u0142adce \u201eZwroty i reklamacje\u201d na stronie sklepu.<\/li>\n<\/ol>\n\n\n\n<h2 class=\"wp-block-heading\">\u00a78. Postanowienia ko\u0144cowe<\/h2>\n\n\n\n<ol class=\"wp-block-list\">\n<li>W sprawach nieuregulowanych niniejszym regulaminem zastosowanie maj\u0105 przepisy prawa polskiego, w szczeg\u00f3lno\u015bci Kodeksu cywilnego oraz ustawa o prawach konsumenta.<\/li>\n\n\n\n<li>Regulamin dost\u0119pny jest na stronie internetowej sklepu i mo\u017ce by\u0107 w ka\u017cdej chwili pobrany i zapisany przez klienta.<\/li>\n<\/ol>\n\n\n\n<p><\/p>\n","protected":false},"excerpt":{"rendered":"<p>\u00a71. Informacje og\u00f3lne \u00a72. Sk\u0142adanie zam\u00f3wie\u0144 \u00a73. Ceny i p\u0142atno\u015bci \u00a74. Czas realizacji zam\u00f3wienia \u00a75. Dostawa \u00a76. Reklamacje \u00a77. Odst\u0105pienie od umowy \u00a78. Postanowienia ko\u0144cowe<\/p>\n","protected":false},"author":1,"featured_media":0,"parent":0,"menu_order":0,"comment_status":"closed","ping_status":"closed","template":"","meta":{"footnotes":""},"class_list":["post-4389","page","type-page","status-publish","hentry"],"jetpack_sharing_enabled":true,"_links":{"self":[{"href":"http:\/\/bellameble.pl\/index.php?rest_route=\/wp\/v2\/pages\/4389","targetHints":{"allow":["GET"]}}],"collection":[{"href":"http:\/\/bellameble.pl\/index.php?rest_route=\/wp\/v2\/pages"}],"about":[{"href":"http:\/\/bellameble.pl\/index.php?rest_route=\/wp\/v2\/types\/page"}],"author":[{"embeddable":true,"href":"http:\/\/bellameble.pl\/index.php?rest_route=\/wp\/v2\/users\/1"}],"replies":[{"embeddable":true,"href":"http:\/\/bellameble.pl\/index.php?rest_route=%2Fwp%2Fv2%2Fcomments&post=4389"}],"version-history":[{"count":1,"href":"http:\/\/bellameble.pl\/index.php?rest_route=\/wp\/v2\/pages\/4389\/revisions"}],"predecessor-version":[{"id":4390,"href":"http:\/\/bellameble.pl\/index.php?rest_route=\/wp\/v2\/pages\/4389\/revisions\/4390"}],"wp:attachment":[{"href":"http:\/\/bellameble.pl\/index.php?rest_route=%2Fwp%2Fv2%2Fmedia&parent=4389"}],"curies":[{"name":"wp","href":"https:\/\/api.w.org\/{rel}","templated":true}]}}