{"id":89,"date":"2021-11-22T10:10:12","date_gmt":"2021-11-22T10:10:12","guid":{"rendered":"https:\/\/vedbo.demo4wp.com\/?page_id=89"},"modified":"2025-06-27T20:41:54","modified_gmt":"2025-06-27T18:41:54","slug":"about-us","status":"publish","type":"page","link":"https:\/\/bellameble.pl\/?page_id=89","title":{"rendered":"O nas"},"content":{"rendered":"\t\t<div data-elementor-type=\"wp-page\" data-elementor-id=\"89\" class=\"elementor elementor-89\" data-elementor-post-type=\"page\">\n\t\t\t\t\t\t<section class=\"elementor-section elementor-top-section elementor-element elementor-element-f2f2196 elementor-section-content-middle elementor-section-boxed elementor-section-height-default elementor-section-height-default\" data-id=\"f2f2196\" data-element_type=\"section\">\n\t\t\t\t\t\t<div class=\"elementor-container elementor-column-gap-wider\">\n\t\t\t\t\t<div class=\"elementor-column elementor-col-50 elementor-top-column elementor-element elementor-element-bd83163 kitify-col-width-auto-no kitify-disable-relative-no elementor-invisible kitify-has-entrance-animation\" data-id=\"bd83163\" data-element_type=\"column\" data-settings=\"{&quot;animation&quot;:&quot;kitifyShortFadeInUp&quot;}\">\n\t\t\t<div class=\"elementor-widget-wrap elementor-element-populated\">\n\t\t\t\t\t\t<div class=\"elementor-element elementor-element-e8257d6 elementor-widget elementor-widget-image\" data-id=\"e8257d6\" data-element_type=\"widget\" data-widget_type=\"image.default\">\n\t\t\t\t<div class=\"elementor-widget-container\">\n\t\t\t\t\t\t\t\t\t\t\t\t\t\t\t<img fetchpriority=\"high\" decoding=\"async\" width=\"1080\" height=\"1080\" src=\"https:\/\/bellameble.pl\/wp-content\/uploads\/2025\/06\/Bez-nazwy-1080-x-1080-px-2.png\" class=\"attachment-1536x1536 size-1536x1536 wp-image-4120\" alt=\"\" srcset=\"https:\/\/bellameble.pl\/wp-content\/uploads\/2025\/06\/Bez-nazwy-1080-x-1080-px-2.png 1080w, https:\/\/bellameble.pl\/wp-content\/uploads\/2025\/06\/Bez-nazwy-1080-x-1080-px-2-300x300.png 300w, https:\/\/bellameble.pl\/wp-content\/uploads\/2025\/06\/Bez-nazwy-1080-x-1080-px-2-1024x1024.png 1024w, https:\/\/bellameble.pl\/wp-content\/uploads\/2025\/06\/Bez-nazwy-1080-x-1080-px-2-150x150.png 150w, https:\/\/bellameble.pl\/wp-content\/uploads\/2025\/06\/Bez-nazwy-1080-x-1080-px-2-768x768.png 768w, https:\/\/bellameble.pl\/wp-content\/uploads\/2025\/06\/Bez-nazwy-1080-x-1080-px-2-700x700.png 700w, https:\/\/bellameble.pl\/wp-content\/uploads\/2025\/06\/Bez-nazwy-1080-x-1080-px-2-1000x1000.png 1000w, https:\/\/bellameble.pl\/wp-content\/uploads\/2025\/06\/Bez-nazwy-1080-x-1080-px-2-250x250.png 250w, https:\/\/bellameble.pl\/wp-content\/uploads\/2025\/06\/Bez-nazwy-1080-x-1080-px-2-50x50.png 50w, https:\/\/bellameble.pl\/wp-content\/uploads\/2025\/06\/Bez-nazwy-1080-x-1080-px-2-100x100.png 100w\" sizes=\"(max-width: 1080px) 100vw, 1080px\" \/>\t\t\t\t\t\t\t\t\t\t\t\t\t\t\t<\/div>\n\t\t\t\t<\/div>\n\t\t\t\t\t<\/div>\n\t\t<\/div>\n\t\t\t\t<div class=\"elementor-column elementor-col-50 elementor-top-column elementor-element elementor-element-32c4f97 kitify-col-width-auto-no kitify-disable-relative-no elementor-invisible kitify-has-entrance-animation\" data-id=\"32c4f97\" data-element_type=\"column\" data-settings=\"{&quot;animation&quot;:&quot;kitifyShortFadeInUp&quot;,&quot;animation_delay&quot;:500}\">\n\t\t\t<div class=\"elementor-widget-wrap elementor-element-populated\">\n\t\t\t\t\t\t<div class=\"elementor-element elementor-element-36fe90c elementor-widget elementor-widget-heading\" data-id=\"36fe90c\" data-element_type=\"widget\" data-widget_type=\"heading.default\">\n\t\t\t\t<div class=\"elementor-widget-container\">\n\t\t\t\t\t<h2 class=\"elementor-heading-title elementor-size-default\">Bella Meble \u2013 Pi\u0119kno, kt\u00f3re mieszka w Twoim domu <br> <\/h2>\t\t\t\t<\/div>\n\t\t\t\t<\/div>\n\t\t\t\t<div class=\"elementor-element elementor-element-1d47cec elementor-widget elementor-widget-heading\" data-id=\"1d47cec\" data-element_type=\"widget\" data-widget_type=\"heading.default\">\n\t\t\t\t<div class=\"elementor-widget-container\">\n\t\t\t\t\t<div class=\"elementor-heading-title elementor-size-default\">Bella Meble to polska marka, kt\u00f3ra powsta\u0142a z mi\u0142o\u015bci do eleganckich wn\u0119trz, wysokiej jako\u015bci materia\u0142\u00f3w i ponadczasowego designu. Tworzymy meble, kt\u00f3re zachwycaj\u0105 nie tylko wygl\u0105dem, ale przede wszystkim funkcjonalno\u015bci\u0105 i trwa\u0142o\u015bci\u0105. <br>\nDlaczego warto wybra\u0107 Bella Meble?\n<br>Design z charakterem\nNasze kolekcje to po\u0142\u0105czenie nowoczesnych trend\u00f3w z klasyczn\u0105 elegancj\u0105. Dbamy o ka\u017cdy detal, aby nasze meble nadawa\u0142y wn\u0119trzom niepowtarzalnego stylu.<br>Polska produkcja \u2013 polska jako\u015b\u0107\nWszystkie meble powstaj\u0105 w Polsce, z rodzimych surowc\u00f3w i przy udziale do\u015bwiadczonych rzemie\u015blnik\u00f3w. To dla nas pow\u00f3d do dumy i gwarancja jako\u015bci, kt\u00f3rej mo\u017cesz zaufa\u0107.\n<br> Komfort przede wszystkim\nWiemy, jak wa\u017cna jest wygoda \u2013 dlatego stosujemy tylko sprawdzone technologie, wysokogatunkowe tkaniny i komfortowe wype\u0142nienia. Nasze meble nie tylko dobrze wygl\u0105daj\u0105, ale te\u017c \u015bwietnie si\u0119 na nich wypoczywa.\n<br> Bogaty wyb\u00f3r tkanin i kolor\u00f3w\nDopasuj mebel do swojego stylu \u2013 oferujemy szerok\u0105 palet\u0119 tkanin, wyko\u0144cze\u0144 i konfiguracji, aby\u015b m\u00f3g\u0142 stworzy\u0107 wn\u0119trze idealnie dopasowane do siebie.\n<br>Szybka realizacja i bezpieczny transport\nMeble dostarczamy starannie zapakowane, w wygodnych paczkach, z prost\u0105 instrukcj\u0105 monta\u017cu. Dbamy o to, by zakupy by\u0142y dla Ciebie czyst\u0105 przyjemno\u015bci\u0105.<\/div>\t\t\t\t<\/div>\n\t\t\t\t<\/div>\n\t\t\t\t\t<\/div>\n\t\t<\/div>\n\t\t\t\t\t<\/div>\n\t\t<\/section>\n\t\t\t\t<section class=\"elementor-section elementor-top-section elementor-element elementor-element-5060022 elementor-section-boxed elementor-section-height-default elementor-section-height-default elementor-invisible kitify-has-entrance-animation\" data-id=\"5060022\" data-element_type=\"section\" data-settings=\"{&quot;animation&quot;:&quot;kitifyShortFadeInUp&quot;}\">\n\t\t\t\t\t\t<div class=\"elementor-container elementor-column-gap-default\">\n\t\t\t\t\t<div class=\"elementor-column elementor-col-100 elementor-top-column elementor-element elementor-element-4d2d7ad kitify-col-width-auto-no kitify-disable-relative-no\" data-id=\"4d2d7ad\" data-element_type=\"column\">\n\t\t\t<div class=\"elementor-widget-wrap elementor-element-populated\">\n\t\t\t\t\t\t<div class=\"elementor-element elementor-element-eeb3c69 elementor-invisible kitify-has-entrance-animation elementor-widget elementor-widget-heading\" data-id=\"eeb3c69\" data-element_type=\"widget\" data-settings=\"{&quot;_animation&quot;:&quot;kitifyShortFadeInUp&quot;}\" data-widget_type=\"heading.default\">\n\t\t\t\t<div class=\"elementor-widget-container\">\n\t\t\t\t\t<h2 class=\"elementor-heading-title elementor-size-default\">Zainspiruj si\u0119 wn\u0119trzem<\/h2>\t\t\t\t<\/div>\n\t\t\t\t<\/div>\n\t\t\t\t<div class=\"elementor-element elementor-element-333c965 kitify-carousel-equalheight custom-carousel-preset-default kitify-carousel-item-effect-slide kitify-arrow--showonhover-no kitify-dots--vertical-no elementor-widget kitify elementor-kitify-advanced-carousel\" data-id=\"333c965\" data-element_type=\"widget\" data-widget_type=\"kitify-advanced-carousel.default\">\n\t\t\t\t<div class=\"elementor-widget-container\">\n\t\t\t\t\t<div class=\"kitify-carousel kitify-carousel--simple simple-style-none\" data-slider_options=\"{&quot;content_selector&quot;:&quot;.kitify-carousel__content&quot;,&quot;content_effect_in&quot;:&quot;fadeInUp&quot;,&quot;content_effect_out&quot;:&quot;fadeOutDown&quot;,&quot;slidesToScroll&quot;:{&quot;desktop&quot;:&quot;1&quot;,&quot;laptop&quot;:&quot;1&quot;,&quot;tablet&quot;:&quot;1&quot;,&quot;mobile_extra&quot;:&quot;1&quot;},&quot;rows&quot;:{&quot;desktop&quot;:&quot;1&quot;,&quot;laptop&quot;:&quot;1&quot;,&quot;tablet&quot;:&quot;1&quot;,&quot;mobile_extra&quot;:&quot;1&quot;},&quot;autoplaySpeed&quot;:5000,&quot;autoplay&quot;:false,&quot;infinite&quot;:false,&quot;centerMode&quot;:false,&quot;pauseOnHover&quot;:false,&quot;pauseOnInteraction&quot;:false,&quot;reverseDirection&quot;:false,&quot;infiniteEffect&quot;:false,&quot;speed&quot;:500,&quot;arrows&quot;:false,&quot;dots&quot;:false,&quot;variableWidth&quot;:false,&quot;prevArrow&quot;:&quot;.kitify-carousel__prev-arrow-333c965&quot;,&quot;nextArrow&quot;:&quot;.kitify-carousel__next-arrow-333c965&quot;,&quot;dotsElm&quot;:&quot;.kitify-carousel__dots_333c965&quot;,&quot;rtl&quot;:false,&quot;effect&quot;:&quot;slide&quot;,&quot;coverflowEffect&quot;:{&quot;rotate&quot;:null,&quot;stretch&quot;:null,&quot;depth&quot;:null,&quot;modifier&quot;:null,&quot;slideShadows&quot;:null},&quot;dotType&quot;:&quot;bullets&quot;,&quot;direction&quot;:&quot;horizontal&quot;,&quot;uniqueID&quot;:&quot;kitify_carousel_333c965&quot;,&quot;asFor&quot;:&quot;&quot;,&quot;autoHeight&quot;:true,&quot;slidesToShow&quot;:{&quot;desktop&quot;:&quot;5&quot;,&quot;mobile&quot;:&quot;2&quot;,&quot;mobile_extra&quot;:&quot;4&quot;,&quot;tablet&quot;:&quot;4&quot;,&quot;laptop&quot;:&quot;5&quot;}}\" dir=\"ltr\">\n    <div class=\"kitify-carousel-inner\"><div class=\"swiper-container\" id=\"kitify_carousel_333c965\"><div class=\"swiper-wrapper\">\n<div class=\"kitify-carousel__item swiper-slide\">\n\t<div class=\"kitify-carousel__item-inner\">\n                <a class=\"kitify-carousel__item-link\" ><img decoding=\"async\" width=\"1536\" height=\"1024\" src=\"https:\/\/bellameble.pl\/wp-content\/uploads\/2025\/06\/ChatGPT-Image-18.06.2025-o-00_16_42.png\" class=\"kitify-carousel__item-img attachment-full size-full wp-image-4086\" alt=\"\" srcset=\"https:\/\/bellameble.pl\/wp-content\/uploads\/2025\/06\/ChatGPT-Image-18.06.2025-o-00_16_42.png 1536w, https:\/\/bellameble.pl\/wp-content\/uploads\/2025\/06\/ChatGPT-Image-18.06.2025-o-00_16_42-300x200.png 300w, https:\/\/bellameble.pl\/wp-content\/uploads\/2025\/06\/ChatGPT-Image-18.06.2025-o-00_16_42-1024x683.png 1024w, https:\/\/bellameble.pl\/wp-content\/uploads\/2025\/06\/ChatGPT-Image-18.06.2025-o-00_16_42-768x512.png 768w, https:\/\/bellameble.pl\/wp-content\/uploads\/2025\/06\/ChatGPT-Image-18.06.2025-o-00_16_42-1320x880.png 1320w, https:\/\/bellameble.pl\/wp-content\/uploads\/2025\/06\/ChatGPT-Image-18.06.2025-o-00_16_42-1000x667.png 1000w\" sizes=\"(max-width: 1536px) 100vw, 1536px\" \/><\/a><div class=\"kitify-carousel__content\"><\/div>        <\/div>\n<\/div>\n<div class=\"kitify-carousel__item swiper-slide\">\n\t<div class=\"kitify-carousel__item-inner\">\n                <a class=\"kitify-carousel__item-link\" ><img decoding=\"async\" width=\"1536\" height=\"1024\" src=\"https:\/\/bellameble.pl\/wp-content\/uploads\/2025\/06\/ChatGPT-Image-18.06.2025-o-00_09_03.png\" class=\"kitify-carousel__item-img attachment-full size-full wp-image-4079\" alt=\"\" srcset=\"https:\/\/bellameble.pl\/wp-content\/uploads\/2025\/06\/ChatGPT-Image-18.06.2025-o-00_09_03.png 1536w, https:\/\/bellameble.pl\/wp-content\/uploads\/2025\/06\/ChatGPT-Image-18.06.2025-o-00_09_03-300x200.png 300w, https:\/\/bellameble.pl\/wp-content\/uploads\/2025\/06\/ChatGPT-Image-18.06.2025-o-00_09_03-1024x683.png 1024w, https:\/\/bellameble.pl\/wp-content\/uploads\/2025\/06\/ChatGPT-Image-18.06.2025-o-00_09_03-768x512.png 768w, https:\/\/bellameble.pl\/wp-content\/uploads\/2025\/06\/ChatGPT-Image-18.06.2025-o-00_09_03-1320x880.png 1320w, https:\/\/bellameble.pl\/wp-content\/uploads\/2025\/06\/ChatGPT-Image-18.06.2025-o-00_09_03-1000x667.png 1000w\" sizes=\"(max-width: 1536px) 100vw, 1536px\" \/><\/a><div class=\"kitify-carousel__content\"><\/div>        <\/div>\n<\/div>\n<div class=\"kitify-carousel__item swiper-slide\">\n\t<div class=\"kitify-carousel__item-inner\">\n                <a class=\"kitify-carousel__item-link\" ><img loading=\"lazy\" decoding=\"async\" width=\"1500\" height=\"1125\" src=\"https:\/\/bellameble.pl\/wp-content\/uploads\/2025\/06\/453203f5-d6ec-4543-8234-33c3c3273c08.jpeg\" class=\"kitify-carousel__item-img attachment-full size-full wp-image-3861\" alt=\"\" srcset=\"https:\/\/bellameble.pl\/wp-content\/uploads\/2025\/06\/453203f5-d6ec-4543-8234-33c3c3273c08.jpeg 1500w, https:\/\/bellameble.pl\/wp-content\/uploads\/2025\/06\/453203f5-d6ec-4543-8234-33c3c3273c08-300x225.jpeg 300w, https:\/\/bellameble.pl\/wp-content\/uploads\/2025\/06\/453203f5-d6ec-4543-8234-33c3c3273c08-1024x768.jpeg 1024w, https:\/\/bellameble.pl\/wp-content\/uploads\/2025\/06\/453203f5-d6ec-4543-8234-33c3c3273c08-768x576.jpeg 768w, https:\/\/bellameble.pl\/wp-content\/uploads\/2025\/06\/453203f5-d6ec-4543-8234-33c3c3273c08-1320x990.jpeg 1320w, https:\/\/bellameble.pl\/wp-content\/uploads\/2025\/06\/453203f5-d6ec-4543-8234-33c3c3273c08-1000x750.jpeg 1000w\" sizes=\"(max-width: 1500px) 100vw, 1500px\" \/><\/a><div class=\"kitify-carousel__content\"><\/div>        <\/div>\n<\/div>\n<div class=\"kitify-carousel__item swiper-slide\">\n\t<div class=\"kitify-carousel__item-inner\">\n                <a class=\"kitify-carousel__item-link\" ><img loading=\"lazy\" decoding=\"async\" width=\"1536\" height=\"1024\" src=\"https:\/\/bellameble.pl\/wp-content\/uploads\/2025\/06\/ChatGPT-Image-18-cze-2025-13_08_31.png\" class=\"kitify-carousel__item-img attachment-full size-full wp-image-4108\" alt=\"\" srcset=\"https:\/\/bellameble.pl\/wp-content\/uploads\/2025\/06\/ChatGPT-Image-18-cze-2025-13_08_31.png 1536w, https:\/\/bellameble.pl\/wp-content\/uploads\/2025\/06\/ChatGPT-Image-18-cze-2025-13_08_31-300x200.png 300w, https:\/\/bellameble.pl\/wp-content\/uploads\/2025\/06\/ChatGPT-Image-18-cze-2025-13_08_31-1024x683.png 1024w, https:\/\/bellameble.pl\/wp-content\/uploads\/2025\/06\/ChatGPT-Image-18-cze-2025-13_08_31-768x512.png 768w, https:\/\/bellameble.pl\/wp-content\/uploads\/2025\/06\/ChatGPT-Image-18-cze-2025-13_08_31-1320x880.png 1320w, https:\/\/bellameble.pl\/wp-content\/uploads\/2025\/06\/ChatGPT-Image-18-cze-2025-13_08_31-1000x667.png 1000w\" sizes=\"(max-width: 1536px) 100vw, 1536px\" \/><\/a><div class=\"kitify-carousel__content\"><\/div>        <\/div>\n<\/div>\n<div class=\"kitify-carousel__item swiper-slide\">\n\t<div class=\"kitify-carousel__item-inner\">\n                <a class=\"kitify-carousel__item-link\" ><img loading=\"lazy\" decoding=\"async\" width=\"1536\" height=\"1024\" src=\"https:\/\/bellameble.pl\/wp-content\/uploads\/2025\/06\/ChatGPT-Image-18-cze-2025-13_12_56.png\" class=\"kitify-carousel__item-img attachment-full size-full wp-image-4109\" alt=\"\" srcset=\"https:\/\/bellameble.pl\/wp-content\/uploads\/2025\/06\/ChatGPT-Image-18-cze-2025-13_12_56.png 1536w, https:\/\/bellameble.pl\/wp-content\/uploads\/2025\/06\/ChatGPT-Image-18-cze-2025-13_12_56-300x200.png 300w, https:\/\/bellameble.pl\/wp-content\/uploads\/2025\/06\/ChatGPT-Image-18-cze-2025-13_12_56-1024x683.png 1024w, https:\/\/bellameble.pl\/wp-content\/uploads\/2025\/06\/ChatGPT-Image-18-cze-2025-13_12_56-768x512.png 768w, https:\/\/bellameble.pl\/wp-content\/uploads\/2025\/06\/ChatGPT-Image-18-cze-2025-13_12_56-1320x880.png 1320w, https:\/\/bellameble.pl\/wp-content\/uploads\/2025\/06\/ChatGPT-Image-18-cze-2025-13_12_56-1000x667.png 1000w\" sizes=\"(max-width: 1536px) 100vw, 1536px\" \/><\/a><div class=\"kitify-carousel__content\"><\/div>        <\/div>\n<\/div>\n<\/div><\/div><\/div><\/div>\t\t\t\t<\/div>\n\t\t\t\t<\/div>\n\t\t\t\t\t<\/div>\n\t\t<\/div>\n\t\t\t\t\t<\/div>\n\t\t<\/section>\n\t\t\t\t<\/div>\n\t\t","protected":false},"excerpt":{"rendered":"<p>Bella Meble \u2013 Pi\u0119kno, kt\u00f3re mieszka w Twoim domu Bella Meble to polska marka, kt\u00f3ra powsta\u0142a z mi\u0142o\u015bci do eleganckich wn\u0119trz, wysokiej jako\u015bci materia\u0142\u00f3w i ponadczasowego designu. Tworzymy meble, kt\u00f3re zachwycaj\u0105 nie tylko wygl\u0105dem, ale przede wszystkim funkcjonalno\u015bci\u0105 i trwa\u0142o\u015bci\u0105. Dlaczego warto wybra\u0107 Bella Meble? Design z charakterem Nasze kolekcje to po\u0142\u0105czenie nowoczesnych trend\u00f3w z klasyczn\u0105 elegancj\u0105. Dbamy o ka\u017cdy\u2026<\/p>\n","protected":false},"author":1,"featured_media":0,"parent":0,"menu_order":0,"comment_status":"closed","ping_status":"closed","template":"elementor_header_footer","meta":{"footnotes":""},"class_list":["post-89","page","type-page","status-publish","hentry"],"jetpack_sharing_enabled":true,"_links":{"self":[{"href":"https:\/\/bellameble.pl\/index.php?rest_route=\/wp\/v2\/pages\/89","targetHints":{"allow":["GET"]}}],"collection":[{"href":"https:\/\/bellameble.pl\/index.php?rest_route=\/wp\/v2\/pages"}],"about":[{"href":"https:\/\/bellameble.pl\/index.php?rest_route=\/wp\/v2\/types\/page"}],"author":[{"embeddable":true,"href":"https:\/\/bellameble.pl\/index.php?rest_route=\/wp\/v2\/users\/1"}],"replies":[{"embeddable":true,"href":"https:\/\/bellameble.pl\/index.php?rest_route=%2Fwp%2Fv2%2Fcomments&post=89"}],"version-history":[{"count":35,"href":"https:\/\/bellameble.pl\/index.php?rest_route=\/wp\/v2\/pages\/89\/revisions"}],"predecessor-version":[{"id":4178,"href":"https:\/\/bellameble.pl\/index.php?rest_route=\/wp\/v2\/pages\/89\/revisions\/4178"}],"wp:attachment":[{"href":"https:\/\/bellameble.pl\/index.php?rest_route=%2Fwp%2Fv2%2Fmedia&parent=89"}],"curies":[{"name":"wp","href":"https:\/\/api.w.org\/{rel}","templated":true}]}}