{"id":3860,"date":"2025-06-17T23:35:15","date_gmt":"2025-06-17T21:35:15","guid":{"rendered":"http:\/\/bellameble.pl\/?post_type=product&#038;p=3860"},"modified":"2025-09-16T12:28:02","modified_gmt":"2025-09-16T10:28:02","slug":"lozko-klara-elegancja-i-komfort-w-stylu-glamour","status":"publish","type":"product","link":"https:\/\/bellameble.pl\/?product=lozko-klara-elegancja-i-komfort-w-stylu-glamour","title":{"rendered":"\u0141\u00f3\u017cko Klara \u2013 elegancja i komfort w stylu glamour"},"content":{"rendered":"<p>Wprowad\u017a do swojej sypialni nut\u0119 luksusu z \u0142\u00f3\u017ckiem Klara \u2013 zachwycaj\u0105cym po\u0142\u0105czeniem stylu glamour i wyj\u0105tkowej wygody. To nie tylko pi\u0119kny mebel, ale przede wszystkim gwarancja komfortowego snu.<\/p>\n<p>Najwa\u017cniejsze cechy:<\/p>\n<p>Wysokie, tapicerowane wezg\u0142owie (135 cm) przyci\u0105ga wzrok i dodaje wn\u0119trzu elegancji, tworz\u0105c przytulne oparcie do wieczornego relaksu.<\/p>\n<p>Wygodny materac pocketowy (24 cm) z indywidualnie pracuj\u0105cymi spr\u0119\u017cynami kieszeniowymi zapewnia idealne dopasowanie do sylwetki i wysoki komfort snu.<\/p>\n<p>Wysoko\u015b\u0107 siedziska: 25 cm, co w po\u0142\u0105czeniu z metalowymi n\u00f3\u017ckami o wysoko\u015bci 13 cm u\u0142atwia wstawanie i wchodzenie do \u0142\u00f3\u017cka, dodaj\u0105c ca\u0142o\u015bci lekko\u015bci i nowoczesnego charakteru.<\/p>\n<p>Stabilna konstrukcja i starannie wyko\u0144czone detale to gwarancja trwa\u0142o\u015bci i stylowego wygl\u0105du przez d\u0142ugie lata.<\/p>\n<p>\u0141\u00f3\u017cko Klara to idealny wyb\u00f3r dla os\u00f3b, kt\u00f3re ceni\u0105 sobie zar\u00f3wno luksusowy wygl\u0105d, jak i wygod\u0119 u\u017cytkowania. Doskonale wpisze si\u0119 w nowoczesne, eleganckie wn\u0119trza, nadaj\u0105c im niepowtarzalnego charakteru.<\/p>\n","protected":false},"excerpt":{"rendered":"<p>Wprowad\u017a do swojej sypialni nut\u0119 luksusu z \u0142\u00f3\u017ckiem Klara \u2013 zachwycaj\u0105cym po\u0142\u0105czeniem stylu glamour i wyj\u0105tkowej wygody. To nie tylko pi\u0119kny mebel, ale przede wszystkim gwarancja komfortowego snu. Najwa\u017cniejsze cechy: Wysokie, tapicerowane wezg\u0142owie (135 cm) przyci\u0105ga wzrok i dodaje wn\u0119trzu elegancji, tworz\u0105c przytulne oparcie do wieczornego relaksu. Wygodny materac pocketowy (24 cm) z indywidualnie pracuj\u0105cymi spr\u0119\u017cynami kieszeniowymi zapewnia idealne dopasowanie\u2026<\/p>\n","protected":false},"featured_media":3830,"comment_status":"open","ping_status":"closed","template":"","meta":[],"product_brand":[],"product_cat":[42],"product_tag":[],"class_list":{"0":"post-3860","1":"product","2":"type-product","3":"status-publish","4":"has-post-thumbnail","6":"product_cat-lozka","7":"product_shipping_class-lozko","9":"first","10":"instock","11":"shipping-taxable","12":"purchasable","13":"product-type-variable"},"jetpack_sharing_enabled":true,"_links":{"self":[{"href":"https:\/\/bellameble.pl\/index.php?rest_route=\/wp\/v2\/product\/3860","targetHints":{"allow":["GET"]}}],"collection":[{"href":"https:\/\/bellameble.pl\/index.php?rest_route=\/wp\/v2\/product"}],"about":[{"href":"https:\/\/bellameble.pl\/index.php?rest_route=\/wp\/v2\/types\/product"}],"replies":[{"embeddable":true,"href":"https:\/\/bellameble.pl\/index.php?rest_route=%2Fwp%2Fv2%2Fcomments&post=3860"}],"wp:featuredmedia":[{"embeddable":true,"href":"https:\/\/bellameble.pl\/index.php?rest_route=\/wp\/v2\/media\/3830"}],"wp:attachment":[{"href":"https:\/\/bellameble.pl\/index.php?rest_route=%2Fwp%2Fv2%2Fmedia&parent=3860"}],"wp:term":[{"taxonomy":"product_brand","embeddable":true,"href":"https:\/\/bellameble.pl\/index.php?rest_route=%2Fwp%2Fv2%2Fproduct_brand&post=3860"},{"taxonomy":"product_cat","embeddable":true,"href":"https:\/\/bellameble.pl\/index.php?rest_route=%2Fwp%2Fv2%2Fproduct_cat&post=3860"},{"taxonomy":"product_tag","embeddable":true,"href":"https:\/\/bellameble.pl\/index.php?rest_route=%2Fwp%2Fv2%2Fproduct_tag&post=3860"}],"curies":[{"name":"wp","href":"https:\/\/api.w.org\/{rel}","templated":true}]}}