{"id":4063,"date":"2025-06-18T00:04:24","date_gmt":"2025-06-17T22:04:24","guid":{"rendered":"http:\/\/bellameble.pl\/?post_type=product&#038;p=4063"},"modified":"2025-09-16T12:29:00","modified_gmt":"2025-09-16T10:29:00","slug":"kanapa-antonia-styl-i-wygoda-na-co-dzien","status":"publish","type":"product","link":"https:\/\/bellameble.pl\/?product=kanapa-antonia-styl-i-wygoda-na-co-dzien","title":{"rendered":"Kanapa  Antonia &#8211; styl i wygoda na co dzie\u0144"},"content":{"rendered":"<div dir=\"auto\">\n<p>Szukasz kanapy, kt\u00f3ra \u0142\u0105czy nowoczesny wygl\u0105d z maksymaln\u0105 wygod\u0105? Witek to model, kt\u00f3ry spe\u0142ni oczekiwania nawet najbardziej wymagaj\u0105cych. Obita mi\u0119kkim i modnym sztruksem, zachwyca nie tylko wygl\u0105dem, ale i komfortem u\u017cytkowania.<\/p>\n<p>Cechy charakterystyczne:<\/p>\n<p>Bardzo wygodne siedzisko o wysoko\u015bci 40 cm zapewnia idealne podparcie i wygod\u0119 podczas codziennego odpoczynku.<\/p>\n<p>Nowoczesny sztruks w po\u0142\u0105czeniu z eleganckim szwem francuskim nadaje ca\u0142o\u015bci designerski i przytulny charakter.<\/p>\n<p>Szeroko\u015b\u0107: 255 cm | G\u0142\u0119boko\u015b\u0107: 105 cm \u2013 kanapa doskonale sprawdzi si\u0119 jako g\u0142\u00f3wny element salonu.<\/p>\n<p>Du\u017ca powierzchnia spania: 155 x 200 cm \u2013 rozk\u0142adana funkcja spania sprawia, \u017ce Witek jest idealny zar\u00f3wno na co dzie\u0144, jak i dla go\u015bci.<\/p>\n<p>Pojemnik na po\u015bciel u\u0142atwia przechowywanie i utrzymanie porz\u0105dku.<\/p>\n<p>Drewniany stela\u017c w po\u0142\u0105czeniu z p\u0142yt\u0105 wi\u00f3row\u0105 gwarantuje solidno\u015b\u0107 i trwa\u0142o\u015b\u0107 konstrukcji.<\/p>\n<p>Poduszki w komplecie \u2013 gotowe do relaksu od pierwszego dnia!<\/p>\n<\/div>\n<div dir=\"auto\">Cena 1999 z\u0142<\/div>\n","protected":false},"excerpt":{"rendered":"<p>Szukasz kanapy, kt\u00f3ra \u0142\u0105czy nowoczesny wygl\u0105d z maksymaln\u0105 wygod\u0105? Witek to model, kt\u00f3ry spe\u0142ni oczekiwania nawet najbardziej wymagaj\u0105cych. Obita mi\u0119kkim i modnym sztruksem, zachwyca nie tylko wygl\u0105dem, ale i komfortem u\u017cytkowania. Cechy charakterystyczne: Bardzo wygodne siedzisko o wysoko\u015bci 40 cm zapewnia idealne podparcie i wygod\u0119 podczas codziennego odpoczynku. Nowoczesny sztruks w po\u0142\u0105czeniu z eleganckim szwem francuskim nadaje ca\u0142o\u015bci designerski i\u2026<\/p>\n","protected":false},"featured_media":4066,"comment_status":"open","ping_status":"closed","template":"","meta":[],"product_brand":[],"product_cat":[43],"product_tag":[],"class_list":{"0":"post-4063","1":"product","2":"type-product","3":"status-publish","4":"has-post-thumbnail","6":"product_cat-kanapa","7":"product_shipping_class-kanapa","9":"first","10":"instock","11":"shipping-taxable","12":"purchasable","13":"product-type-variable"},"jetpack_sharing_enabled":true,"_links":{"self":[{"href":"https:\/\/bellameble.pl\/index.php?rest_route=\/wp\/v2\/product\/4063","targetHints":{"allow":["GET"]}}],"collection":[{"href":"https:\/\/bellameble.pl\/index.php?rest_route=\/wp\/v2\/product"}],"about":[{"href":"https:\/\/bellameble.pl\/index.php?rest_route=\/wp\/v2\/types\/product"}],"replies":[{"embeddable":true,"href":"https:\/\/bellameble.pl\/index.php?rest_route=%2Fwp%2Fv2%2Fcomments&post=4063"}],"wp:featuredmedia":[{"embeddable":true,"href":"https:\/\/bellameble.pl\/index.php?rest_route=\/wp\/v2\/media\/4066"}],"wp:attachment":[{"href":"https:\/\/bellameble.pl\/index.php?rest_route=%2Fwp%2Fv2%2Fmedia&parent=4063"}],"wp:term":[{"taxonomy":"product_brand","embeddable":true,"href":"https:\/\/bellameble.pl\/index.php?rest_route=%2Fwp%2Fv2%2Fproduct_brand&post=4063"},{"taxonomy":"product_cat","embeddable":true,"href":"https:\/\/bellameble.pl\/index.php?rest_route=%2Fwp%2Fv2%2Fproduct_cat&post=4063"},{"taxonomy":"product_tag","embeddable":true,"href":"https:\/\/bellameble.pl\/index.php?rest_route=%2Fwp%2Fv2%2Fproduct_tag&post=4063"}],"curies":[{"name":"wp","href":"https:\/\/api.w.org\/{rel}","templated":true}]}}