{"id":4164,"date":"2025-06-18T16:00:29","date_gmt":"2025-06-18T14:00:29","guid":{"rendered":"http:\/\/bellameble.pl\/?post_type=product&#038;p=4164"},"modified":"2025-09-16T12:26:54","modified_gmt":"2025-09-16T10:26:54","slug":"naroznik-max","status":"publish","type":"product","link":"https:\/\/bellameble.pl\/?product=naroznik-max","title":{"rendered":"Naro\u017cnik Max"},"content":{"rendered":"<p>Poznaj naro\u017cnik Max \u2013 elegancki mebel, kt\u00f3ry odmieni Twoje wn\u0119trze. To propozycja dla tych, kt\u00f3rzy ceni\u0105 sobie nowoczesny design, wygod\u0119 na najwy\u017cszym poziomie oraz praktyczne rozwi\u0105zania na co dzie\u0144.<\/p>\n<p>Wyj\u0105tkowy komfort u\u017cytkowania<br \/>\nDzi\u0119ki podwy\u017cszonej g\u0119sto\u015bci pianki, siedzisko naro\u017cnika jest nie tylko mi\u0119kkie, ale te\u017c odpowiednio spr\u0119\u017cyste \u2013 idealne do codziennego odpoczynku.<\/p>\n<p>Z funkcj\u0105 spania i pojemnikiem na po\u015bciel<br \/>\nWystarczy chwila, aby naro\u017cnik Max zamieni\u0142 si\u0119 w wygodne \u0142\u00f3\u017cko o powierzchni 130&#215;220 cm. Schowek na po\u015bciel pomo\u017ce utrzyma\u0107 porz\u0105dek i zaoszcz\u0119dzi\u0107 przestrze\u0144.<\/p>\n<p>Bogata paleta kolor\u00f3w<br \/>\nDostosuj naro\u017cnik do swojego wn\u0119trza \u2013 oferujemy szeroki wyb\u00f3r tkanin i kolor\u00f3w, by\u015b m\u00f3g\u0142 stworzy\u0107 wymarzon\u0105 przestrze\u0144.<\/p>\n<p>Szybki i prosty monta\u017c<br \/>\nWszystkie elementy oraz czytelna instrukcja znajduj\u0105 si\u0119 w komplecie \u2013 z\u0142o\u017cenie mebla to czysta przyjemno\u015b\u0107.<\/p>\n<p>100% Polski produkt<br \/>\nNaro\u017cnik Max powstaje w Polsce, z naszych rodzimych surowc\u00f3w. Kupuj\u0105c go, wspierasz polsk\u0105 produkcj\u0119.<\/p>\n<p>Najni\u017csza cena producenta + do\u017cywotnie ubezpieczenie na automaty<br \/>\nKupujesz bez po\u015brednik\u00f3w \u2013 bez przep\u0142acania, z gwarancj\u0105 najwy\u017cszej jako\u015bci.<\/p>\n<p>&#8212;<\/p>\n<p>Specyfikacja techniczna:<\/p>\n<p>Szeroko\u015b\u0107: 289 cm<\/p>\n<p>G\u0142\u0119boko\u015b\u0107: 50 cm<\/p>\n<p>D\u0142ugo\u015b\u0107: 183 cm<\/p>\n<p>Wysoko\u015b\u0107: 85 cm<\/p>\n<p>Wysoko\u015b\u0107 siedziska: 42 cm<\/p>\n<p>Powierzchnia spania: 130 x 220 cm<\/p>\n<p>Typ naro\u017cnika: L<\/p>\n<p>Strona: uniwersalna (lewa\/prawa)<\/p>\n<p>Funkcja spania: tak<\/p>\n<p>Pojemnik na po\u015bciel: tak<\/p>\n<p>Dostarczany w paczkach<\/p>\n","protected":false},"excerpt":{"rendered":"<p>Poznaj naro\u017cnik Max \u2013 elegancki mebel, kt\u00f3ry odmieni Twoje wn\u0119trze. To propozycja dla tych, kt\u00f3rzy ceni\u0105 sobie nowoczesny design, wygod\u0119 na najwy\u017cszym poziomie oraz praktyczne rozwi\u0105zania na co dzie\u0144. Wyj\u0105tkowy komfort u\u017cytkowania Dzi\u0119ki podwy\u017cszonej g\u0119sto\u015bci pianki, siedzisko naro\u017cnika jest nie tylko mi\u0119kkie, ale te\u017c odpowiednio spr\u0119\u017cyste \u2013 idealne do codziennego odpoczynku. Z funkcj\u0105 spania i pojemnikiem na po\u015bciel Wystarczy chwila,\u2026<\/p>\n","protected":false},"featured_media":4165,"comment_status":"open","ping_status":"closed","template":"","meta":[],"product_brand":[],"product_cat":[44],"product_tag":[],"class_list":{"0":"post-4164","1":"product","2":"type-product","3":"status-publish","4":"has-post-thumbnail","6":"product_cat-naroznik","7":"product_shipping_class-47","9":"first","10":"instock","11":"shipping-taxable","12":"purchasable","13":"product-type-variable","14":"has-default-attributes"},"jetpack_sharing_enabled":true,"_links":{"self":[{"href":"https:\/\/bellameble.pl\/index.php?rest_route=\/wp\/v2\/product\/4164","targetHints":{"allow":["GET"]}}],"collection":[{"href":"https:\/\/bellameble.pl\/index.php?rest_route=\/wp\/v2\/product"}],"about":[{"href":"https:\/\/bellameble.pl\/index.php?rest_route=\/wp\/v2\/types\/product"}],"replies":[{"embeddable":true,"href":"https:\/\/bellameble.pl\/index.php?rest_route=%2Fwp%2Fv2%2Fcomments&post=4164"}],"wp:featuredmedia":[{"embeddable":true,"href":"https:\/\/bellameble.pl\/index.php?rest_route=\/wp\/v2\/media\/4165"}],"wp:attachment":[{"href":"https:\/\/bellameble.pl\/index.php?rest_route=%2Fwp%2Fv2%2Fmedia&parent=4164"}],"wp:term":[{"taxonomy":"product_brand","embeddable":true,"href":"https:\/\/bellameble.pl\/index.php?rest_route=%2Fwp%2Fv2%2Fproduct_brand&post=4164"},{"taxonomy":"product_cat","embeddable":true,"href":"https:\/\/bellameble.pl\/index.php?rest_route=%2Fwp%2Fv2%2Fproduct_cat&post=4164"},{"taxonomy":"product_tag","embeddable":true,"href":"https:\/\/bellameble.pl\/index.php?rest_route=%2Fwp%2Fv2%2Fproduct_tag&post=4164"}],"curies":[{"name":"wp","href":"https:\/\/api.w.org\/{rel}","templated":true}]}}