{"id":4184,"date":"2025-06-27T23:47:27","date_gmt":"2025-06-27T21:47:27","guid":{"rendered":"http:\/\/bellameble.pl\/?post_type=product&#038;p=4184"},"modified":"2025-09-16T11:32:48","modified_gmt":"2025-09-16T09:32:48","slug":"naroznik-monaco","status":"publish","type":"product","link":"https:\/\/bellameble.pl\/?product=naroznik-monaco","title":{"rendered":"Naro\u017cnik Monaco"},"content":{"rendered":"<div id=\":s4\" class=\"ii gt\">\n<div id=\":ow\" class=\"a3s aiL \">\n<div dir=\"auto\">\n<div>\n<p>Poznaj naro\u017cnik Monaco \u2013 wyj\u0105tkowo przestronny i stylowy mebel, kt\u00f3ry odmieni Twoje wn\u0119trze. Stworzony z my\u015bl\u0105 o komforcie i funkcjonalno\u015bci, stanie si\u0119 ulubionym miejscem relaksu w ka\u017cdym domu.<\/p>\n<p>Z imponuj\u0105cym wymiarem 325 x 260 cm, Monaco oferuje mn\u00f3stwo miejsca do wypoczynku w dzie\u0144 i wygodn\u0105 przestrze\u0144 do snu w nocy \u2013 wszystko dzi\u0119ki praktycznej funkcji spania, kt\u00f3ra z \u0142atwo\u015bci\u0105 przekszta\u0142ca naro\u017cnik w du\u017ce, wygodne \u0142\u00f3\u017cko.<\/p>\n<p>Najwa\u017cniejsze cechy:<\/p>\n<p>Funkcja spania \u2013 idealna dla go\u015bci lub codziennego u\u017cytkowania.<\/p>\n<p>G\u0142\u0119boko\u015b\u0107 siedziska \u2013 60 cm, wysoko\u015b\u0107 siedziska \u2013 41 cm \u2013 dla maksymalnego komfortu.<\/p>\n<p>Regulowane zag\u0142\u00f3wki \u2013 standardowa wysoko\u015b\u0107 oparcia to 42 cm, a z podniesionymi zag\u0142\u00f3wkami a\u017c 56 cm.<\/p>\n<p>Modu\u0142owa konstrukcja \u2013 szeroko\u015b\u0107 segmentu pojedynczego: 63 cm, podw\u00f3jnego: 126 cm.<\/p>\n<p>Stylowe boczki o wymiarach 30 x 94 x 50 cm \u2013 wygodne i estetyczne wyko\u0144czenie.<\/p>\n<p>Naro\u017cnik Monaco to perfekcyjne po\u0142\u0105czenie luksusowego wygl\u0105du, funkcjonalno\u015bci i wygody. Stworzony do du\u017cych przestrzeni i du\u017cych potrzeb \u2013 codziennego relaksu, wsp\u00f3lnych wieczor\u00f3w i spokojnego snu.<\/p>\n<\/div>\n<\/div>\n<\/div>\n<\/div>\n","protected":false},"excerpt":{"rendered":"<p>Poznaj naro\u017cnik Monaco \u2013 wyj\u0105tkowo przestronny i stylowy mebel, kt\u00f3ry odmieni Twoje wn\u0119trze. Stworzony z my\u015bl\u0105 o komforcie i funkcjonalno\u015bci, stanie si\u0119 ulubionym miejscem relaksu w ka\u017cdym domu.<\/p>\n","protected":false},"featured_media":4186,"comment_status":"open","ping_status":"closed","template":"","meta":[],"product_brand":[],"product_cat":[44],"product_tag":[],"class_list":{"0":"post-4184","1":"product","2":"type-product","3":"status-publish","4":"has-post-thumbnail","6":"product_cat-naroznik","7":"product_shipping_class-duzy-naroznik","9":"first","10":"instock","11":"shipping-taxable","12":"purchasable","13":"product-type-variable"},"jetpack_sharing_enabled":true,"_links":{"self":[{"href":"https:\/\/bellameble.pl\/index.php?rest_route=\/wp\/v2\/product\/4184","targetHints":{"allow":["GET"]}}],"collection":[{"href":"https:\/\/bellameble.pl\/index.php?rest_route=\/wp\/v2\/product"}],"about":[{"href":"https:\/\/bellameble.pl\/index.php?rest_route=\/wp\/v2\/types\/product"}],"replies":[{"embeddable":true,"href":"https:\/\/bellameble.pl\/index.php?rest_route=%2Fwp%2Fv2%2Fcomments&post=4184"}],"wp:featuredmedia":[{"embeddable":true,"href":"https:\/\/bellameble.pl\/index.php?rest_route=\/wp\/v2\/media\/4186"}],"wp:attachment":[{"href":"https:\/\/bellameble.pl\/index.php?rest_route=%2Fwp%2Fv2%2Fmedia&parent=4184"}],"wp:term":[{"taxonomy":"product_brand","embeddable":true,"href":"https:\/\/bellameble.pl\/index.php?rest_route=%2Fwp%2Fv2%2Fproduct_brand&post=4184"},{"taxonomy":"product_cat","embeddable":true,"href":"https:\/\/bellameble.pl\/index.php?rest_route=%2Fwp%2Fv2%2Fproduct_cat&post=4184"},{"taxonomy":"product_tag","embeddable":true,"href":"https:\/\/bellameble.pl\/index.php?rest_route=%2Fwp%2Fv2%2Fproduct_tag&post=4184"}],"curies":[{"name":"wp","href":"https:\/\/api.w.org\/{rel}","templated":true}]}}