{"id":4227,"date":"2025-07-11T14:51:56","date_gmt":"2025-07-11T12:51:56","guid":{"rendered":"http:\/\/bellameble.pl\/?post_type=product&#038;p=4227"},"modified":"2025-09-16T11:36:46","modified_gmt":"2025-09-16T09:36:46","slug":"4227","status":"publish","type":"product","link":"https:\/\/bellameble.pl\/?product=4227","title":{"rendered":"\u0141\u00f3\u017cko Verona \u2013 klasyczna elegancja i komfort w najlepszym wydaniu"},"content":{"rendered":"<p>&nbsp;<\/p>\n<p>Styl, kt\u00f3ry przyci\u0105ga spojrzenia. Komfort, kt\u00f3ry czu\u0107 od pierwszej nocy. \u0141\u00f3\u017cko Verona to propozycja dla os\u00f3b, kt\u00f3re ceni\u0105 ponadczasow\u0105 elegancj\u0119 i wygod\u0119 na co dzie\u0144. Jego najwi\u0119ksz\u0105 ozdob\u0105 jest wysokie wezg\u0142owie z sze\u015bcioma symetrycznymi panelami, tworz\u0105ce harmonijn\u0105, ekskluzywn\u0105 ca\u0142o\u015b\u0107 \u2013 idealne do wn\u0119trz w stylu nowoczesnym, klasycznym lub glamour.<\/p>\n<p>Wygodny sen ka\u017cdego dnia<br \/>\nW zestawie znajduje si\u0119 komfortowy, spr\u0119\u017cynowy materac o wysoko\u015bci 20 cm, zapewniaj\u0105cy stabilne i wygodne podparcie cia\u0142a.<br \/>\nDla najbardziej wymagaj\u0105cych \u2013 mo\u017cliwo\u015b\u0107 wymiany na materac kieszeniowy za dop\u0142at\u0105:<\/p>\n<p>Parametry techniczne:<\/p>\n<p>Wysoko\u015b\u0107 wezg\u0142owia: ok. 100 cm (opcja regulowana lub indywidualna \u2013 mo\u017cliwe doprecyzowanie)<\/p>\n<p>Ilo\u015b\u0107 paneli: 6<\/p>\n<p>Wysoko\u015b\u0107 skrzyni: 25 cm<\/p>\n<p>Wysoko\u015b\u0107 materaca: 20 cm<\/p>\n<p>Plastikowe n\u00f3\u017cki \u2013 4 cm, stabilne i dyskretne<\/p>\n<p>Styl: elegancki, symetryczny, harmonijny<\/p>\n<p>Ceny (z materacem spr\u0119\u017cynowym):<\/p>\n<p>140 x 200 cm \u2013 1499 z\u0142<\/p>\n<p>160 x 200 cm \u2013 1699 z\u0142<\/p>\n<p>180 x 200 cm \u2013 1899 z\u0142<\/p>\n<p>Materac kieszeniowy:<br \/>\n+ 200 z\u0142<\/p>\n","protected":false},"excerpt":{"rendered":"<p>\u0141\u00f3\u017cko Verona \u2013 klasyczna elegancja i komfort w najlepszym wydaniu<\/p>\n<p>Styl, kt\u00f3ry przyci\u0105ga spojrzenia. Komfort, kt\u00f3ry czu\u0107 od pierwszej nocy. \u0141\u00f3\u017cko Verona to propozycja dla os\u00f3b, kt\u00f3re ceni\u0105 ponadczasow\u0105 elegancj\u0119 i wygod\u0119 na co dzie\u0144. Jego najwi\u0119ksz\u0105 ozdob\u0105 jest wysokie wezg\u0142owie z sze\u015bcioma symetrycznymi panelami, tworz\u0105ce harmonijn\u0105, ekskluzywn\u0105 ca\u0142o\u015b\u0107 \u2013 idealne do wn\u0119trz w stylu nowoczesnym, klasycznym lub glamour.<\/p>\n<p>Wygodny sen ka\u017cdego dnia<br \/>\nW zestawie znajduje si\u0119 komfortowy, spr\u0119\u017cynowy materac o wysoko\u015bci 20 cm, zapewniaj\u0105cy stabilne i wygodne podparcie cia\u0142a.<br \/>\nDla najbardziej wymagaj\u0105cych \u2013 mo\u017cliwo\u015b\u0107 wymiany na materac kieszeniowy za dop\u0142at\u0105:<\/p>\n","protected":false},"featured_media":4229,"comment_status":"open","ping_status":"closed","template":"","meta":[],"product_brand":[],"product_cat":[42],"product_tag":[],"class_list":{"0":"post-4227","1":"product","2":"type-product","3":"status-publish","4":"has-post-thumbnail","6":"product_cat-lozka","7":"product_shipping_class-lozko","9":"first","10":"instock","11":"shipping-taxable","12":"purchasable","13":"product-type-variable","14":"has-default-attributes"},"jetpack_sharing_enabled":true,"_links":{"self":[{"href":"https:\/\/bellameble.pl\/index.php?rest_route=\/wp\/v2\/product\/4227","targetHints":{"allow":["GET"]}}],"collection":[{"href":"https:\/\/bellameble.pl\/index.php?rest_route=\/wp\/v2\/product"}],"about":[{"href":"https:\/\/bellameble.pl\/index.php?rest_route=\/wp\/v2\/types\/product"}],"replies":[{"embeddable":true,"href":"https:\/\/bellameble.pl\/index.php?rest_route=%2Fwp%2Fv2%2Fcomments&post=4227"}],"wp:featuredmedia":[{"embeddable":true,"href":"https:\/\/bellameble.pl\/index.php?rest_route=\/wp\/v2\/media\/4229"}],"wp:attachment":[{"href":"https:\/\/bellameble.pl\/index.php?rest_route=%2Fwp%2Fv2%2Fmedia&parent=4227"}],"wp:term":[{"taxonomy":"product_brand","embeddable":true,"href":"https:\/\/bellameble.pl\/index.php?rest_route=%2Fwp%2Fv2%2Fproduct_brand&post=4227"},{"taxonomy":"product_cat","embeddable":true,"href":"https:\/\/bellameble.pl\/index.php?rest_route=%2Fwp%2Fv2%2Fproduct_cat&post=4227"},{"taxonomy":"product_tag","embeddable":true,"href":"https:\/\/bellameble.pl\/index.php?rest_route=%2Fwp%2Fv2%2Fproduct_tag&post=4227"}],"curies":[{"name":"wp","href":"https:\/\/api.w.org\/{rel}","templated":true}]}}