{"id":4257,"date":"2025-07-11T15:23:06","date_gmt":"2025-07-11T13:23:06","guid":{"rendered":"http:\/\/bellameble.pl\/?post_type=product&#038;p=4257"},"modified":"2025-09-16T12:23:14","modified_gmt":"2025-09-16T10:23:14","slug":"lozko-sofia-elegancja-w-kazdym-detalu","status":"publish","type":"product","link":"https:\/\/bellameble.pl\/?product=lozko-sofia-elegancja-w-kazdym-detalu","title":{"rendered":"\u0141\u00f3\u017cko Sofia \u2013 elegancja w ka\u017cdym detalu"},"content":{"rendered":"<p>\u0141\u00f3\u017cko Sofia \u2013 elegancja w ka\u017cdym detalu<\/p>\n<p>Je\u015bli marzysz o sypialni pe\u0142nej stylu, klasy i komfortu \u2013 \u0142\u00f3\u017cko Sofia spe\u0142ni wszystkie Twoje oczekiwania. To wyj\u0105tkowy model, kt\u00f3ry zachwyca g\u0142\u0119bokim pikowaniem i ozdobnymi przeszyciami zar\u00f3wno z przodu, jak i z ty\u0142u, tworz\u0105c sp\u00f3jn\u0105 i luksusow\u0105 kompozycj\u0119.<\/p>\n<p>Pikowania, kt\u00f3re nadaj\u0105 charakter<br \/>\nStarannie wykonane ozdobne piki z przodu i z ty\u0142u \u0142\u00f3\u017cka dodaj\u0105 mu eleganckiego wyrazu. Szerokie, mi\u0119kkie wezg\u0142owie o wysoko\u015bci 100 cm zapewnia wygodne oparcie i podkre\u015bla styl glamour, a zarazem wprowadza do wn\u0119trza przytuln\u0105 atmosfer\u0119.<\/p>\n<p>Wygoda i funkcjonalno\u015b\u0107<br \/>\nW komplecie znajduje si\u0119 materac spr\u0119\u017cynowy o wysoko\u015bci 20 cm, idealny dla codziennego, regeneruj\u0105cego snu.<br \/>\nZa dop\u0142at\u0105 250 z\u0142 mo\u017cesz wybra\u0107 materac kieszeniowy, kt\u00f3ry jeszcze lepiej dopasowuje si\u0119 do kszta\u0142tu cia\u0142a i t\u0142umi ruchy drugiej osoby \u2013 idealny dla par.<\/p>\n<p>Parametry techniczne:<\/p>\n<p>Wysoko\u015b\u0107 wezg\u0142owia: 100 cm<\/p>\n<p>Wysoko\u015b\u0107 skrzyni: 25 cm<\/p>\n<p>Wysoko\u015b\u0107 materaca: 20 cm<\/p>\n<p>Wysoko\u015b\u0107 n\u00f3\u017cek: 4 cm<\/p>\n<p>Ozdobne piki z przodu i z ty\u0142u<\/p>\n<p>Ceny (z materacem spr\u0119\u017cynowym):<\/p>\n<p>140 x 200 cm \u2013 1699 z\u0142<\/p>\n<p>160 x 200 cm \u2013 1899 z\u0142<\/p>\n<p>180 x 200 cm \u2013 1999 z\u0142<\/p>\n","protected":false},"excerpt":{"rendered":"<p>Je\u015bli marzysz o sypialni pe\u0142nej stylu, klasy i komfortu \u2013 \u0142\u00f3\u017cko Sofia spe\u0142ni wszystkie Twoje oczekiwania. To wyj\u0105tkowy model, kt\u00f3ry zachwyca g\u0142\u0119bokim pikowaniem i ozdobnymi przeszyciami zar\u00f3wno z przodu, jak i z ty\u0142u, tworz\u0105c sp\u00f3jn\u0105 i luksusow\u0105 kompozycj\u0119.<\/p>\n<p>Pikowania, kt\u00f3re nadaj\u0105 charakter<br \/>\nStarannie wykonane ozdobne piki z przodu i z ty\u0142u \u0142\u00f3\u017cka dodaj\u0105 mu eleganckiego wyrazu. Szerokie, mi\u0119kkie wezg\u0142owie o wysoko\u015bci 100 cm zapewnia wygodne oparcie i podkre\u015bla styl glamour, a zarazem wprowadza do wn\u0119trza przytuln\u0105 atmosfer\u0119.<\/p>\n<p>Wygoda i funkcjonalno\u015b\u0107<br \/>\nW komplecie znajduje si\u0119 materac spr\u0119\u017cynowy o wysoko\u015bci 20 cm, idealny dla codziennego, regeneruj\u0105cego snu.<br \/>\nZa dop\u0142at\u0105 250 z\u0142 mo\u017cesz wybra\u0107 materac kieszeniowy, kt\u00f3ry jeszcze lepiej dopasowuje si\u0119 do kszta\u0142tu cia\u0142a i t\u0142umi ruchy drugiej osoby \u2013 idealny dla par.<\/p>\n","protected":false},"featured_media":4284,"comment_status":"open","ping_status":"closed","template":"","meta":[],"product_brand":[],"product_cat":[42],"product_tag":[],"class_list":{"0":"post-4257","1":"product","2":"type-product","3":"status-publish","4":"has-post-thumbnail","6":"product_cat-lozka","7":"product_shipping_class-lozko","9":"first","10":"instock","11":"shipping-taxable","12":"purchasable","13":"product-type-variable"},"jetpack_sharing_enabled":true,"_links":{"self":[{"href":"https:\/\/bellameble.pl\/index.php?rest_route=\/wp\/v2\/product\/4257","targetHints":{"allow":["GET"]}}],"collection":[{"href":"https:\/\/bellameble.pl\/index.php?rest_route=\/wp\/v2\/product"}],"about":[{"href":"https:\/\/bellameble.pl\/index.php?rest_route=\/wp\/v2\/types\/product"}],"replies":[{"embeddable":true,"href":"https:\/\/bellameble.pl\/index.php?rest_route=%2Fwp%2Fv2%2Fcomments&post=4257"}],"wp:featuredmedia":[{"embeddable":true,"href":"https:\/\/bellameble.pl\/index.php?rest_route=\/wp\/v2\/media\/4284"}],"wp:attachment":[{"href":"https:\/\/bellameble.pl\/index.php?rest_route=%2Fwp%2Fv2%2Fmedia&parent=4257"}],"wp:term":[{"taxonomy":"product_brand","embeddable":true,"href":"https:\/\/bellameble.pl\/index.php?rest_route=%2Fwp%2Fv2%2Fproduct_brand&post=4257"},{"taxonomy":"product_cat","embeddable":true,"href":"https:\/\/bellameble.pl\/index.php?rest_route=%2Fwp%2Fv2%2Fproduct_cat&post=4257"},{"taxonomy":"product_tag","embeddable":true,"href":"https:\/\/bellameble.pl\/index.php?rest_route=%2Fwp%2Fv2%2Fproduct_tag&post=4257"}],"curies":[{"name":"wp","href":"https:\/\/api.w.org\/{rel}","templated":true}]}}